{"id":2,"date":"2017-07-07T08:17:48","date_gmt":"2017-07-07T08:17:48","guid":{"rendered":"http:\/\/3-cyan.com\/?page_id=2"},"modified":"2025-12-30T22:39:01","modified_gmt":"2025-12-30T21:39:01","slug":"home-1","status":"publish","type":"page","link":"https:\/\/3-cyan.com\/codeex\/","title":{"rendered":"Accueil"},"content":{"rendered":"<div class=\"wpb-content-wrapper\"><p>[vc_row full_width=&#8221;stretch_row_content_no_spaces&#8221;][vc_column][vc_images_carousel images=&#8221;886,889&#8243; img_size=&#8221;full&#8221; css=&#8221;&#8221;][\/vc_column][\/vc_row][vc_row full_width=&#8221;stretch_row&#8221; css=&#8221;.vc_custom_1501157655110{background-color: #f8f7f6 !important;}&#8221;][vc_column width=&#8221;1\/3&#8243; offset=&#8221;vc_hidden-xs&#8221;]<div class=\"sc_content_wrap sc_push_large\"><div id=\"sc_content_183209885\"\r\n\t\tclass=\"sc_content color_style_default sc_content_default sc_float_center\"><div class=\"sc_content_container\"><div id=\"widget_banner_1811418141\" class=\"widget_area sc_widget_banner vc_widget_banner wpb_content_element\"><aside id=\"widget_banner_1811418141_widget\" class=\"widget widget_banner\"><\/aside><\/div><\/div><\/div><!-- \/.sc_content --><\/div><!-- \/.sc_content_wrap -->[vc_empty_space alter_height=&#8221;small&#8221; hide_on_desktop=&#8221;&#8221; hide_on_notebook=&#8221;&#8221; hide_on_tablet=&#8221;&#8221; hide_on_mobile=&#8221;&#8221; css=&#8221;.vc_custom_1511101599400{margin-top: -0.2rem !important;}&#8221;][\/vc_column][\/vc_row][vc_row][vc_column width=&#8221;1\/2&#8243;]<div id=\"sc_title_1710379740\"\r\n\t\tclass=\"sc_title color_style_default sc_title_default\"><h6 class=\"sc_item_subtitle sc_title_subtitle sc_align_left sc_item_title_style_default\">Bienvenue<\/h6><h3 class=\"sc_item_title sc_title_title sc_align_left sc_item_title_style_default\">Se former autrement et efficacement !<\/h3><\/div><!-- \/.sc_title -->[vc_column_text]&nbsp;<\/p>\n<p>Il arrive que dans le vie d&#8217;un individu, une cl\u00e9 est manquante pour atteindre un objectif ou pour simplement se reconstruire.<\/p>\n<p>Cette &#8220;cl\u00e9&#8221; peut \u00eatre une connaissance,\u00a0 une certification, un coaching ou simplement un encouragement .<\/p>\n<p>C&#8217;est de ce constat, et parce qu&#8217;apprendre est devenu difficile, que <strong>Codeex Services<\/strong> a vu le jour en 2011, avec une id\u00e9e en t\u00eate : faciliter l&#8217;acc\u00e8s \u00e0 la connaissance &#8230;[\/vc_column_text][\/vc_column][vc_column width=&#8221;1\/2&#8243;][vc_empty_space alter_height=&#8221;large&#8221; hide_on_desktop=&#8221;&#8221; hide_on_notebook=&#8221;&#8221; hide_on_tablet=&#8221;&#8221; hide_on_mobile=&#8221;&#8221; css=&#8221;.vc_custom_1511102338804{margin-top: 0.4rem !important;}&#8221;][vc_single_image image=&#8221;890&#8243; img_size=&#8221;full&#8221;][\/vc_column][\/vc_row][vc_row][vc_column][vc_empty_space alter_height=&#8221;large&#8221; hide_on_desktop=&#8221;&#8221; hide_on_notebook=&#8221;&#8221; hide_on_tablet=&#8221;&#8221; hide_on_mobile=&#8221;&#8221; css=&#8221;.vc_custom_1511163758625{margin-top: 0.4rem !important;}&#8221;]<div id=\"sc_skills_2050008637\"\n\t\tclass=\"sc_skills sc_skills_pie sc_skills_compact_off\"\n\t\t\t\tdata-type=\"pie\"\n\t\t><h3 class=\"sc_item_title sc_skills_title sc_align_center sc_item_title_style_default\">Une d\u00e9marche innovante !<\/h3><div class=\"sc_item_descr sc_skills_descr sc_align_center\"><p>Notre objectif est simple : faciliter l'acc\u00e8s \u00e0 la connaissance pour tous, afin de lutter contre l'exclusion sociale.<br \/>\nNotre mode de fonctionnement :  vous savez ? vous transmettez !<\/p>\n<\/div><div class=\"sc_skills_column trx_addons_column-1_1\"><div class=\"sc_skills_item_wrap\"><div class=\"sc_skills_item\"><canvas id=\"sc_skills_canvas_226791032\"><\/canvas><div class=\"sc_skills_total\" data-start=\"0\" data-stop=\"100\" data-step=\"1\" data-steps=\"100\" data-max=\"100\" data-speed=\"28\" data-duration=\"2800\" data-color=\"#dd9933\" data-bg_color=\"#f7f7f7\" data-border_color=\"\" data-cutout=\"88\" data-easing=\"easeOutCirc\" data-ed=\"%\">0%<\/div><\/div><div class=\"sc_skills_item_title\">Satisfaction<\/div><div class=\"sc_skills_item_descr\">Sondage effectu\u00e9 aupr\u00e8s de 100% des personnes form\u00e9es<\/div><\/div><\/div><\/div><div class=\"sc_testimonials color_style_default scheme_dark sc_testimonials_default\"><div class=\"sc_testimonials_columns_wrap sc_item_columns trx_addons_columns_wrap columns_padding_bottom\"><div class=\"trx_addons_column-1_2\"><div class=\"sc_testimonials_item\">\n    <div class=\"sc_testimonials_item_author\">\n                <div class=\"sc_testimonials_item_author_data\">\n            <h4 class=\"sc_testimonials_item_author_title\">Excellent<\/h4>\n            <div class=\"sc_testimonials_item_author_subtitle\"><\/div>\n        <\/div>\n    <\/div>\n\t<div class=\"sc_testimonials_item_content\"><p>Formation compl\u00e8te Microsoft Office en acc\u00e9l\u00e9r\u00e9, excellent !<\/p>\n<p>Marie.P<\/p>\n<p>&nbsp;<\/p>\n<\/div>\n<\/div>\n<\/div><div class=\"trx_addons_column-1_2\"><div class=\"sc_testimonials_item\">\n    <div class=\"sc_testimonials_item_author\">\n                <div class=\"sc_testimonials_item_author_data\">\n            <h4 class=\"sc_testimonials_item_author_title\">Je recommande<\/h4>\n            <div class=\"sc_testimonials_item_author_subtitle\"><\/div>\n        <\/div>\n    <\/div>\n\t<div class=\"sc_testimonials_item_content\"><p>Pour la cr\u00e9ation de mon activit\u00e9, j&#8217;ai eu besoin d&#8217;apprendre \u00e0 utiliser des outils sp\u00e9cifiques comme une CNC et les logiciels correspondants MACH3 etc..<\/p>\n<p>J&#8217;ai pu profiter de l&#8217;aide de Codeex Services et d\u00e9velopper mon activit\u00e9 rapidement.<\/p>\n<p>Hamza.B<\/p>\n<\/div>\n<\/div>\n<\/div><\/div><\/div><!-- \/.sc_testimonials --><div class=\"sc_testimonials color_style_default scheme_dark sc_testimonials_default\"><div class=\"sc_testimonials_columns_wrap sc_item_columns trx_addons_columns_wrap columns_padding_bottom\"><div class=\"trx_addons_column-1_2\"><div class=\"sc_testimonials_item\">\n    <div class=\"sc_testimonials_item_author\">\n                <div class=\"sc_testimonials_item_author_data\">\n            <h4 class=\"sc_testimonials_item_author_title\">Super<\/h4>\n            <div class=\"sc_testimonials_item_author_subtitle\"><\/div>\n        <\/div>\n    <\/div>\n\t<div class=\"sc_testimonials_item_content\"><p>En recherche d&#8217;emploi, j&#8217;ai demand\u00e9 \u00e0 Codeex services de m&#8217;aider dans la r\u00e9daction de mon CV et de mes lettres de motivation.<\/p>\n<p>Nous avons fait des simulations d&#8217;entretien, j&#8217;ai compris mes erreurs.<\/p>\n<p>Aujourd&#8217;hui, gr\u00e2ce \u00e0 ce coaching, j&#8217;ai trouver une bonne place.<\/p>\n<p>Linda<\/p>\n<\/div>\n<\/div>\n<\/div><div class=\"trx_addons_column-1_2\"><div class=\"sc_testimonials_item\">\n    <div class=\"sc_testimonials_item_author\">\n                <div class=\"sc_testimonials_item_author_data\">\n            <h4 class=\"sc_testimonials_item_author_title\">Au Top !<\/h4>\n            <div class=\"sc_testimonials_item_author_subtitle\"><\/div>\n        <\/div>\n    <\/div>\n\t<div class=\"sc_testimonials_item_content\"><p>Depuis que j&#8217;ai perdu mon job, je me suis retrouv\u00e9 avec un accompagnement tr\u00e8s limit\u00e9. J&#8217;ai toujours voulu monter ma propre boite et devenir ind\u00e9pendant.<\/p>\n<p>J&#8217;ai profit\u00e9 d&#8217;un suivi et d&#8217;un coaching complet (explication des statuts, b\u00e9n\u00e9fice financier vs b\u00e9n\u00e9fice social, marketing et prospection &#8230;)<\/p>\n<p>Pole emploi ne m&#8217;a pas autant aid\u00e9, heureusement que j&#8217;ai crois\u00e9 Zak.<\/p>\n<p>Aujourd\u2019hui ma boite tourne toujours ! Je recommande vivement !<\/p>\n<p>Ryan<\/p>\n<\/div>\n<\/div>\n<\/div><\/div><\/div><!-- \/.sc_testimonials -->[\/vc_column][\/vc_row][vc_row full_width=&#8221;stretch_row&#8221; hide_bg_image_on_tablet=&#8221;&#8221; hide_bg_image_on_mobile=&#8221;&#8221; css=&#8221;.vc_custom_1511172508244{background-color: #f8f7f6 !important;}&#8221;][vc_column][\/vc_column][\/vc_row][vc_row][vc_column][vc_empty_space alter_height=&#8221;small&#8221; hide_on_desktop=&#8221;&#8221; hide_on_notebook=&#8221;&#8221; hide_on_tablet=&#8221;&#8221; hide_on_mobile=&#8221;&#8221; css=&#8221;.vc_custom_1511181660331{margin-top: -0.4rem !important;}&#8221;][\/vc_column][\/vc_row]<\/p>\n<\/div>","protected":false},"excerpt":{"rendered":"<p>[vc_row full_width=&#8221;stretch_row_content_no_spaces&#8221;][vc_column][vc_images_carousel images=&#8221;886,889&#8243; img_size=&#8221;full&#8221; css=&#8221;&#8221;][\/vc_column][\/vc_row][vc_row full_width=&#8221;stretch_row&#8221; css=&#8221;.vc_custom_1501157655110{background-color: #f8f7f6 !important;}&#8221;][vc_column width=&#8221;1\/3&#8243; offset=&#8221;vc_hidden-xs&#8221;][vc_empty_space alter_height=&#8221;small&#8221; hide_on_desktop=&#8221;&#8221; hide_on_notebook=&#8221;&#8221; hide_on_tablet=&#8221;&#8221; hide_on_mobile=&#8221;&#8221; css=&#8221;.vc_custom_1511101599400{margin-top: -0.2rem !important;}&#8221;][\/vc_column][\/vc_row][vc_row][vc_column width=&#8221;1\/2&#8243;][vc_column_text]&nbsp; Il arrive que dans le vie d&#8217;un individu, une cl\u00e9 est manquante pour atteindre un objectif ou pour simplement se&hellip;<\/p>\n","protected":false},"author":1,"featured_media":0,"parent":0,"menu_order":0,"comment_status":"closed","ping_status":"open","template":"","meta":{"footnotes":""},"class_list":["post-2","page","type-page","status-publish","hentry"],"_links":{"self":[{"href":"https:\/\/3-cyan.com\/codeex\/wp-json\/wp\/v2\/pages\/2","targetHints":{"allow":["GET"]}}],"collection":[{"href":"https:\/\/3-cyan.com\/codeex\/wp-json\/wp\/v2\/pages"}],"about":[{"href":"https:\/\/3-cyan.com\/codeex\/wp-json\/wp\/v2\/types\/page"}],"author":[{"embeddable":true,"href":"https:\/\/3-cyan.com\/codeex\/wp-json\/wp\/v2\/users\/1"}],"replies":[{"embeddable":true,"href":"https:\/\/3-cyan.com\/codeex\/wp-json\/wp\/v2\/comments?post=2"}],"version-history":[{"count":23,"href":"https:\/\/3-cyan.com\/codeex\/wp-json\/wp\/v2\/pages\/2\/revisions"}],"predecessor-version":[{"id":1113,"href":"https:\/\/3-cyan.com\/codeex\/wp-json\/wp\/v2\/pages\/2\/revisions\/1113"}],"wp:attachment":[{"href":"https:\/\/3-cyan.com\/codeex\/wp-json\/wp\/v2\/media?parent=2"}],"curies":[{"name":"wp","href":"https:\/\/api.w.org\/{rel}","templated":true}]}}