{"id":33,"date":"2017-07-14T11:35:40","date_gmt":"2017-07-14T11:35:40","guid":{"rendered":"http:\/\/3-cyan.com\/?page_id=33"},"modified":"2025-12-30T16:23:47","modified_gmt":"2025-12-30T15:23:47","slug":"about-1","status":"publish","type":"page","link":"https:\/\/3-cyan.com\/codeex\/home-1\/about-1\/","title":{"rendered":"Qui sommes nous ?"},"content":{"rendered":"<div class=\"wpb-content-wrapper\"><p>[vc_row][vc_column][vc_empty_space alter_height=&#8221;large&#8221; hide_on_desktop=&#8221;&#8221; hide_on_notebook=&#8221;&#8221; hide_on_tablet=&#8221;&#8221; hide_on_mobile=&#8221;&#8221; css=&#8221;.vc_custom_1510852238518{margin-top: 0.8rem !important;}&#8221;]<div id=\"sc_title_700106587\"\r\n\t\tclass=\"sc_title color_style_default sc_title_default\"><h6 class=\"sc_item_subtitle sc_title_subtitle sc_align_left sc_item_title_style_default\">Codeex Services ?<\/h6><h3 class=\"sc_item_title sc_title_title sc_align_left sc_item_title_style_default\">Qui sommes nous ?<\/h3><div class=\"sc_item_descr sc_title_descr sc_align_left\"><p>L'association CODEEX SERVICES est une association \u00e0 but non lucratif, cr\u00e9\u00e9 en 2011 sur Miribel, avec un p\u00e9rim\u00e8tre d'application initial sur la C\u00f4ti\u00e8re puis plus tard sur la r\u00e9gion Lyonnaise.<\/p>\n<p>Issue de la collaboration d'un professeur des \u00e9coles, d'un ing\u00e9nieur en finance, et d'un formateur ind\u00e9pendant, l'objectif de l'association est de venir en aide aux personnes n\u00e9cessitant une formation ou un coaching dans un domaine particulier.<\/p>\n<p>Impliqu\u00e9 dans l\u2019\u00e9galit\u00e9 des chances et l\u2019acc\u00e8s libre aux savoirs, nos moyens sont bas\u00e9s sur la f\u00e9d\u00e9ration des comp\u00e9tences.<\/p>\n<p>Vous savez ! donc vous transmettez !<\/p>\n<p>Cette philosophie a permis de former dans des domaines tels que l\u2019\u00e9lectronique, la conception technique, l'informatique, la cr\u00e9ation de soci\u00e9t\u00e9, l'orientation scolaire et professionnelle, la mise \u00e0 niveau scolaire, la cr\u00e9ativit\u00e9 artistique etc...<\/p>\n<p>Partenaire de diverses associations, elle a su fournir les comp\u00e9tences n\u00e9cessaires \u00e0 un public vari\u00e9 (Adolescent, d\u00e9crocheur scolaire, chef d\u2019entreprise, demandeur d\u2019emploi, etc..)<\/p>\n<\/div><\/div><!-- \/.sc_title -->[\/vc_column][vc_column][vc_empty_space alter_height=&#8221;large&#8221; hide_on_desktop=&#8221;&#8221; hide_on_notebook=&#8221;&#8221; hide_on_tablet=&#8221;&#8221; hide_on_mobile=&#8221;&#8221; css=&#8221;.vc_custom_1510852261813{margin-top: -1.35rem !important;}&#8221;][\/vc_column][\/vc_row]<\/p>\n<\/div>","protected":false},"excerpt":{"rendered":"<p>[vc_row][vc_column][vc_empty_space alter_height=&#8221;large&#8221; hide_on_desktop=&#8221;&#8221; hide_on_notebook=&#8221;&#8221; hide_on_tablet=&#8221;&#8221; hide_on_mobile=&#8221;&#8221; css=&#8221;.vc_custom_1510852238518{margin-top: 0.8rem !important;}&#8221;][\/vc_column][vc_column][vc_empty_space alter_height=&#8221;large&#8221; hide_on_desktop=&#8221;&#8221; hide_on_notebook=&#8221;&#8221; hide_on_tablet=&#8221;&#8221; hide_on_mobile=&#8221;&#8221; css=&#8221;.vc_custom_1510852261813{margin-top: -1.35rem !important;}&#8221;][\/vc_column][\/vc_row]<\/p>\n","protected":false},"author":1,"featured_media":0,"parent":2,"menu_order":0,"comment_status":"closed","ping_status":"closed","template":"","meta":{"footnotes":""},"class_list":["post-33","page","type-page","status-publish","hentry"],"_links":{"self":[{"href":"https:\/\/3-cyan.com\/codeex\/wp-json\/wp\/v2\/pages\/33","targetHints":{"allow":["GET"]}}],"collection":[{"href":"https:\/\/3-cyan.com\/codeex\/wp-json\/wp\/v2\/pages"}],"about":[{"href":"https:\/\/3-cyan.com\/codeex\/wp-json\/wp\/v2\/types\/page"}],"author":[{"embeddable":true,"href":"https:\/\/3-cyan.com\/codeex\/wp-json\/wp\/v2\/users\/1"}],"replies":[{"embeddable":true,"href":"https:\/\/3-cyan.com\/codeex\/wp-json\/wp\/v2\/comments?post=33"}],"version-history":[{"count":10,"href":"https:\/\/3-cyan.com\/codeex\/wp-json\/wp\/v2\/pages\/33\/revisions"}],"predecessor-version":[{"id":1106,"href":"https:\/\/3-cyan.com\/codeex\/wp-json\/wp\/v2\/pages\/33\/revisions\/1106"}],"up":[{"embeddable":true,"href":"https:\/\/3-cyan.com\/codeex\/wp-json\/wp\/v2\/pages\/2"}],"wp:attachment":[{"href":"https:\/\/3-cyan.com\/codeex\/wp-json\/wp\/v2\/media?parent=33"}],"curies":[{"name":"wp","href":"https:\/\/api.w.org\/{rel}","templated":true}]}}