{"id":39,"date":"2017-07-14T11:37:59","date_gmt":"2017-07-14T11:37:59","guid":{"rendered":"http:\/\/3-cyan.com\/?page_id=39"},"modified":"2020-05-09T23:30:39","modified_gmt":"2020-05-09T22:30:39","slug":"fctment","status":"publish","type":"page","link":"https:\/\/3-cyan.com\/codeex\/fctment\/","title":{"rendered":"Comment \u00e7a marche ?"},"content":{"rendered":"<div class=\"wpb-content-wrapper\"><p>[vc_row][vc_column width=&#8221;2\/3&#8243; offset=&#8221;vc_col-sm-offset-2&#8243;][vc_empty_space hide_on_desktop=&#8221;&#8221; hide_on_notebook=&#8221;&#8221; hide_on_tablet=&#8221;&#8221; hide_on_mobile=&#8221;&#8221; css=&#8221;.vc_custom_1510999338132{margin-top: -0.6rem !important;}&#8221;]<div id=\"sc_table_378755740_wrap\" class=\"sc_table_wrap\"><div id=\"sc_table_378755740\"\r\n\t\t\tclass=\"sc_table sc_table_default\" style=\"width:100%;\">[vc_column_text]<\/p>\n<table style=\"height: 356px;\" width=\"545\">\n<tbody>\n<tr>\n<th style=\"text-align: left;\">\u00c9tape<\/th>\n<th style=\"text-align: center;\">D\u00e9lai moyen<\/th>\n<\/tr>\n<tr>\n<td style=\"text-align: left;\">Pr\u00e9sentation de votre projet<\/td>\n<td style=\"text-align: center;\">&#8211;<\/td>\n<\/tr>\n<tr>\n<td style=\"text-align: left;\">Analyse d&#8217;\u00e9ligibilit\u00e9 de votre dossier selon votre statut (ch\u00f4meur, int\u00e9rimaire, parent isol\u00e9, ado en d\u00e9crochage scolaire etc&#8230;)<\/td>\n<td style=\"text-align: center;\">5 jours<\/td>\n<\/tr>\n<tr>\n<td style=\"text-align: left;\">Si acceptation, chiffrage des besoins, des moyens \u00e0 mettre en \u0153uvre et recherche des financements.<\/td>\n<td style=\"text-align: center;\">10 jours<\/td>\n<\/tr>\n<tr>\n<td style=\"text-align: left;\">Recherche dans le r\u00e9seau Codeex du formateur adapt\u00e9<\/td>\n<td style=\"text-align: center;\">5 jours<\/td>\n<\/tr>\n<tr>\n<td style=\"text-align: left;\">Proposition d&#8217;un contrat ou convention de formation<\/td>\n<td style=\"text-align: center;\">&#8211;<\/td>\n<\/tr>\n<tr>\n<td style=\"text-align: left;\">D\u00e9but de la formation et\/ou de l&#8217;accompagnement<\/td>\n<td style=\"text-align: center;\">&#8211;<\/td>\n<\/tr>\n<\/tbody>\n<\/table>\n<p>[\/vc_column_text]<\/div><\/div><!-- \/.sc_table_wrap -->[vc_empty_space alter_height=&#8221;small&#8221; hide_on_desktop=&#8221;&#8221; hide_on_notebook=&#8221;&#8221; hide_on_tablet=&#8221;&#8221; hide_on_mobile=&#8221;&#8221;][vc_column_text]<\/p>\n<h5>Financement des formations<\/h5>\n<p>Codeex Services \u00e9tant une association \u00e0 but non lucratif, les formateurs interviennent gracieusement, cependant une participation pourrait \u00eatre demand\u00e9e dans le cas d&#8217;une r\u00e9servation d&#8217;une salle, de mat\u00e9riel, de logiciel, ou dans le cadre de frais r\u00e9els.[\/vc_column_text][vc_empty_space alter_height=&#8221;medium&#8221; hide_on_desktop=&#8221;&#8221; hide_on_notebook=&#8221;&#8221; hide_on_tablet=&#8221;&#8221; hide_on_mobile=&#8221;&#8221;][vc_column_text]<\/p>\n<h5>Annulation<\/h5>\n<p>Dans le cas d&#8217;un imp\u00e9ratif et du moment que celui ci est justifi\u00e9, les formations peuvent \u00eatre annul\u00e9es \u00e0 la condition d&#8217;avoir pr\u00e9venu l&#8217;association au minimum 48 heures avant.[\/vc_column_text][\/vc_column][\/vc_row]<\/p>\n<\/div>","protected":false},"excerpt":{"rendered":"<p>[vc_row][vc_column width=&#8221;2\/3&#8243; offset=&#8221;vc_col-sm-offset-2&#8243;][vc_empty_space hide_on_desktop=&#8221;&#8221; hide_on_notebook=&#8221;&#8221; hide_on_tablet=&#8221;&#8221; hide_on_mobile=&#8221;&#8221; css=&#8221;.vc_custom_1510999338132{margin-top: -0.6rem !important;}&#8221;][vc_empty_space alter_height=&#8221;small&#8221; hide_on_desktop=&#8221;&#8221; hide_on_notebook=&#8221;&#8221; hide_on_tablet=&#8221;&#8221; hide_on_mobile=&#8221;&#8221;][vc_column_text] Financement des formations Codeex Services \u00e9tant une association \u00e0 but non lucratif, les formateurs interviennent gracieusement, cependant une participation pourrait \u00eatre demand\u00e9e dans le cas&hellip;<\/p>\n","protected":false},"author":1,"featured_media":0,"parent":0,"menu_order":0,"comment_status":"closed","ping_status":"closed","template":"","meta":{"footnotes":""},"class_list":["post-39","page","type-page","status-publish","hentry"],"_links":{"self":[{"href":"https:\/\/3-cyan.com\/codeex\/wp-json\/wp\/v2\/pages\/39","targetHints":{"allow":["GET"]}}],"collection":[{"href":"https:\/\/3-cyan.com\/codeex\/wp-json\/wp\/v2\/pages"}],"about":[{"href":"https:\/\/3-cyan.com\/codeex\/wp-json\/wp\/v2\/types\/page"}],"author":[{"embeddable":true,"href":"https:\/\/3-cyan.com\/codeex\/wp-json\/wp\/v2\/users\/1"}],"replies":[{"embeddable":true,"href":"https:\/\/3-cyan.com\/codeex\/wp-json\/wp\/v2\/comments?post=39"}],"version-history":[{"count":10,"href":"https:\/\/3-cyan.com\/codeex\/wp-json\/wp\/v2\/pages\/39\/revisions"}],"predecessor-version":[{"id":1026,"href":"https:\/\/3-cyan.com\/codeex\/wp-json\/wp\/v2\/pages\/39\/revisions\/1026"}],"wp:attachment":[{"href":"https:\/\/3-cyan.com\/codeex\/wp-json\/wp\/v2\/media?parent=39"}],"curies":[{"name":"wp","href":"https:\/\/api.w.org\/{rel}","templated":true}]}}